{"id":78,"date":"2021-02-25T10:12:26","date_gmt":"2021-02-25T08:12:26","guid":{"rendered":"http:\/\/ktb.ro\/?page_id=78"},"modified":"2022-01-24T13:24:09","modified_gmt":"2022-01-24T11:24:09","slug":"informare-privind-prelucrarea-datelor-personale","status":"publish","type":"page","link":"https:\/\/ktb.ro\/?page_id=78","title":{"rendered":"Informare privind prelucrarea datelor personale"},"content":{"rendered":"\n<p>Ultima actualizare: ianuarie 2021<\/p>\n\n\n\n<p><strong>Angajamentul nostru:<\/strong><\/p>\n\n\n\n<ul class=\"wp-block-list\"><li>S\u0103 \u00ee\u021bi p\u0103stram datele cu caracter personal \u00een siguran\u021b\u0103.<\/li><li>S\u0103 nu vindem date tale.<\/li><li>S\u0103 \u00ee\u021bi oferim o modalitate prin care \u00ee\u021bi po\u021bi accesa oric\u00eend datele.<\/li><\/ul>\n\n\n\n<h2 class=\"wp-block-heading\">Cine s\u00eentem<\/h2>\n\n\n\n<p>Ori de cite ori vei procura un serviciu sau un bun de la noi vei intra \u00een rela\u021bie cu organiza\u021bia noastr\u0103. <\/p>\n\n\n\n<p>S\u00eentem KTB InfoNet SRL. Dac\u0103 detaliile din aceast\u0103 informare nu te mul\u021bumesc \u0219i vrei s\u0103 afli mai multe informa\u021bii te rug\u0103m s\u0103 trimi\u021bi un email la adresa adrian(.)munteanu(@)ktb(.)ro. <\/p>\n\n\n\n<h2 class=\"wp-block-heading\">Cum te protejeaz\u0103 legea<\/h2>\n\n\n\n<p>Datele tale cu caracter personal s\u00eent protejate prin lege:&nbsp;<strong>Regulamentul European 679\/2016<\/strong> respectiv&nbsp;<strong>Legea 190\/2018<\/strong>. Regulamentul European spune c\u0103 avem voie s\u0103 prelucr\u0103m datele personale doar dac\u0103 avem un motiv real. Acest lucru \u00eenseamn\u0103 inclusiv posibilitatea de a le transmite \u00een afara organiza\u021biei noastre. Regulamentul spune c\u0103 trebuie s\u0103 avem cel pu\u021bin unul din urm\u0103toarele motive:<\/p>\n\n\n\n<ul class=\"wp-block-list\"><li>S\u0103 \u00eencheiem un contract \u00eentre noi<\/li><li>S\u0103 existe o obliga\u021bie legal\u0103<\/li><li>S\u0103 avem un interes legitim bine justificat<\/li><li>S\u0103 \u00ee\u021bi protej\u0103m interesele vitale<\/li><li>Trebuie s\u0103 execut\u0103m o sarcin\u0103 \u00een interes public<\/li><li>C\u00eend \u021bi-ai dat consim\u021b\u0103m\u00eentul<\/li><\/ul>\n\n\n\n<p>C\u00eend avem un motiv comercial (economic) s\u0103 \u00ee\u021bi prelucr\u0103m datele personale atunci se spune c\u0103 exist\u0103 un&nbsp;<strong>\u201einteres legitim\u201e<\/strong>. Ori de cite ori apare un astfel de motiv, te vom informa. Trebuie s\u0103 \u0219tii \u00eens\u0103 c\u0103 existen\u021ba interesului nostru legitim nu trebuie s\u0103 fie contrar\u0103 intereselor tale.<\/p>\n\n\n\n<p>Regulamentul \u0219i alte legi\/reglement\u0103ri trateaz\u0103 anumite date cu caracter personal ca find \u201especiale\u201e\/sensibile. Se includ \u00een aceast\u0103 categorie informa\u021bii despre originile etnice sau rasiale, credin\u021ba\/religie, datele despre starea de s\u0103n\u0103tate, orientarea sexual\u0103, apartenen\u021ba la un sindicat, \u00eenregistr\u0103rile din cazierul judiciar.<\/p>\n\n\n\n<p>Nu colect\u0103m \u0219i nu prelucr\u0103m astfel de date f\u0103r\u0103 consim\u021b\u0103m\u00eentul t\u0103u cu excep\u021bia cazului \u00een care legea ne permite\/oblig\u0103 acest lucru. Vom prelucra acest tip de informa\u021bii doar dac\u0103 este necesar:<\/p>\n\n\n\n<ul class=\"wp-block-list\"><li>Exist\u0103 un interes public major<\/li><li>Trebuie s\u0103 ne putem ap\u0103ra interesele \u00eentr-o instan\u021b\u0103 judec\u0103toreasc\u0103.<\/li><\/ul>\n\n\n\n<h2 class=\"wp-block-heading\">Categorii de date personale<\/h2>\n\n\n\n<p>Singurele date personale pe care le prelucr\u0103m s\u00eent cele de contact: nume \u0219i prenume, adresa de email, num\u0103r de telefon, date necesare factur\u0103rii. Prelucrarea are loc doar \u00een momentul \u00een care ne contactezi \u0219i ulterior semn\u0103rii unui contract comercial.<\/p>\n\n\n\n<h2 class=\"wp-block-heading\">Cum \u00ee\u021bi colect\u0103m datele personale<\/h2>\n\n\n\n<p>Tu e\u0219ti cel care ne-ai oferit aceste date. Avem \u00een vedere datele pe care ni le oferi tu \u00een mod direct:<\/p>\n\n\n\n<ul class=\"wp-block-list\"><li>C\u00eend solici\u021bi o ofert\u0103<\/li><li>C\u00eend avem o convorbire telefonic\u0103 sau un schimb de mesaje<\/li><li>C\u00eend folose\u0219ti situl nostru web,<\/li><li>\u00cen documente pe care ni le transmi\u021bi<\/li><li>\u00cen documente financiare (pe factur\u0103 de exemplu)<\/li><\/ul>\n\n\n\n<h2 class=\"wp-block-heading\">C\u00eet timp \u00ee\u021bi p\u0103str\u0103m datele<\/h2>\n\n\n\n<p>Datele s\u00eent p\u0103strate conform cerin\u021belor legale doar pe \u00eentreaga perioad\u0103 \u00een care e\u0219ti clientul nostru.<\/p>\n\n\n\n<h2 class=\"wp-block-heading\">Dac\u0103 e\u0219ti decis s\u0103 nu ne oferi date<\/h2>\n\n\n\n<p>Colect\u0103m datele tale personale doar \u00een baza unor cerin\u021be legale sau pentru desf\u0103\u0219urarea contractului dintre noi.Dac\u0103 ai ales s\u0103 nu ne oferi acele date ne vom afla \u00een imposibilitatea execut\u0103rii contractului sau nu vom putea respecta ceea ce impune legea.&nbsp;<\/p>\n\n\n\n<p>S\u00eent situa\u021bii \u00een care \u00ee\u021bi solicit\u0103m datele personale chiar dac\u0103 nu exist\u0103 o prevedere legal\u0103 dar care ne folosesc nou\u0103 \u00een afacere. Aceste situa\u021bii \u00ee\u021bi vor fi explicate \u0219i \u00ee\u021bi vom cere consim\u021b\u0103m\u00eentul. Nu e\u0219ti obligat s\u0103 ne oferi acele date \u0219i refuzul t\u0103u nu va afecta livrarea bunurilor sau serviciilor.<\/p>\n\n\n\n<h2 class=\"wp-block-heading\">Cookies<\/h2>\n\n\n\n<p>Cookies s\u00eent fi\u0219iere mici care s\u00eent transmise dispozitivului t\u0103u (laptop, PC, telefon, tablet\u0103) de c\u0103tre serverul web care g\u0103zduie\u0219te situl organiza\u021biei naostre, ori de cite ori vizitezi acest site. Aceste fi\u0219iere s\u00eent salvate pe dispozitivul t\u0103u. Situl ktb.ro folose\u0219te doar cookies strict necesare din platforma wordpress. Nu folosim nici un alt fel de cookies sau alt\u0103 tehnologie de tip \u201dtracking\u201d.<\/p>\n\n\n\n<h2 class=\"wp-block-heading\">Cum depui o pl\u00eengere<\/h2>\n\n\n\n<p>Dac\u0103 nu e\u0219ti mul\u021bumit de modul \u00een care \u00ee\u021bi folosim datele personale ne po\u021bi contacta astfel la adresa de mail indicat\u0103 mai sus. De asemenea po\u021bi s\u0103 te adresezi Autorit\u0103\u021bii Na\u0163ionale de Supraveghere a Prelucr\u0103rii Datelor cu Caracter Personal.<\/p>\n\n\n\n<h2 class=\"wp-block-heading\">Cum \u00ee\u021bi po\u021bi retrage consim\u021b\u0103m\u00eentul<\/h2>\n\n\n\n<p>\u00ce\u021bi po\u021bi retrage consim\u021b\u0103m\u00eentul pe care ni l-ai acordat \u00een orice moment.<\/p>\n\n\n\n<p>Te rug\u0103m s\u0103 ne contactezi prin mijloacele descries anterior dac\u0103 dore\u0219ti acest lucru. Retragerea consim\u021b\u0103m\u00eentului va avea effect doar asupra doar asupra datelor pe care le folosim \u00een baza acestuia. Dac\u0103 retragerea consim\u021b\u0103m\u00eentului conduce la imposibilitatea livr\u0103rii unor bunuri sau servicii te vom informa \u00een acel moment<\/p>\n\n\n\n<h2 class=\"wp-block-heading\">Dac\u0103 datele tale nu s\u00eent corecte, te rug\u0103m s\u0103 ne anun\u021bi<\/h2>\n\n\n\n<p>Ai dreptul s\u0103 ne \u00eentrebi orice despre informa\u021biile pe care le prelucr\u0103m \u0219i s\u0103 le corect\u0103m \u00een cazul \u00een care nu s\u00eent corecte.<\/p>\n\n\n\n<p>\u00cen urma solicit\u0103rii tale le vom verifica \u0219i le vom corecta. Solicitarea ta poate fi f\u0103cut\u0103 prin modalit\u0103\u021bile amintite anterior. Trebuie s\u0103 \u0219tii c\u0103 solicit\u0103rile tale pot fi monitorizate sau \u00eenregistrate.<\/p>\n\n\n\n<h2 class=\"wp-block-heading\">Cum po\u021bi ob\u021bine o copie a datelor tale<\/h2>\n\n\n\n<p>Po\u021bi s\u0103 ob\u021bii o copie a tuturor datelor despre tine pe care le de\u021binem.&nbsp;Te rug\u0103m s\u0103 s\u0103 ne scrii la adresa men\u021bionat\u0103 anterior.<\/p>\n\n\n\n<h2 class=\"wp-block-heading\">Drepturile tale<\/h2>\n\n\n\n<p>\u00cen orice moment, ai dreptul de a te opune prelucr\u0103rii datelor tale. Acest lucru se nume\u0219te \u201edreptul la opozi\u021bie\u201e. Ne po\u021bi cere s\u0103 \u00ee\u021bi \u0219tergem datele dac\u0103 nu mai avem nevoie de ele. Acest lucru se num\u0219te \u201edreptul la \u0219tergerea datelor\u201e. Chiar dac\u0103 exist\u0103 situa\u021bii oficiale \u00een care trebuie s\u0103 \u00ee\u021bi p\u0103str\u0103m datele, te rug\u0103m s\u0103 ne spui dac\u0103 tu consideri c\u0103 ar trebui s\u0103 nu le mai folosim. Uneori ne po\u021bi solicita s\u0103 restric\u021bion\u0103m utilizarea datelor tale (\u201edreptul la restric\u021bionarea prelucr\u0103rii\u201e). Acest lucru \u00eenseamn\u0103 c\u0103 ele vor fi folosite doar \u00een anumite situa\u021bii cum ar fi pl\u00eengeri sau exercitarea unor drepturi. Ne po\u021bi solicita s\u0103 restric\u021bion\u0103m prelucrarea datelor tale, dac\u0103:<\/p>\n\n\n\n<ul class=\"wp-block-list\"><li>Nu s\u00eent corecte<\/li><li>Au fost folosite \u00een mod ilegal dar nu dore\u0219ti s\u0103 le \u0219tergem<\/li><li>Nu mai s\u00eent relevante, dar dore\u0219ti s\u0103 le p\u0103str\u0103m \u00een eventualitatea unei pl\u00eengeri<\/li><\/ul>\n\n\n\n<p>Dac\u0103 restric\u021bion\u0103m prelucrarea datelor \u00een acest fel, nu le vom mai folosi sau nu le vom distribui \u00een alte moduri pe perioada restric\u021bion\u0103rii.<\/p>\n\n\n\n<h2 class=\"wp-block-heading\">C\u0103tre cine transmite datele&nbsp;<\/h2>\n\n\n\n<p>Pentru a v\u0103 putea oferi produse \u0219i servicii, pentru a ne conduce afacerea \u0219i pentru a respecta regulile care se aplic\u0103 \u00een cazul nostru, datele personale vor fi distribuite doar c\u0103tre institu\u021biile publice implicate.<\/p>\n\n\n\n<h2 class=\"wp-block-heading\">Ce publicitate prime\u0219ti<\/h2>\n\n\n\n<p>Nu \u00ee\u021bi folosim datele personale \u00een scopuri de marketing. Nu vei primi nici un fel de publicitate din partea noastr\u0103.<\/p>\n\n\n\n<h2 class=\"wp-block-heading\">Cum folosim datele pentru a lua decizii automatizate<\/h2>\n\n\n\n<p>Nu lu\u0103m \u0219i nu folosim date personale pentru a lua decizii automatizate.<\/p>\n\n\n\n<p><\/p>\n","protected":false},"excerpt":{"rendered":"<p>Ultima actualizare: ianuarie 2021 Angajamentul nostru: S\u0103 \u00ee\u021bi p\u0103stram datele cu caracter personal \u00een siguran\u021b\u0103. S\u0103 nu vindem date tale. S\u0103 \u00ee\u021bi oferim o modalitate prin care \u00ee\u021bi po\u021bi accesa oric\u00eend datele. Cine s\u00eentem Ori de cite ori vei procura un serviciu sau un bun de la noi vei intra \u00een rela\u021bie cu organiza\u021bia noastr\u0103. [&hellip;]<\/p>\n","protected":false},"author":1,"featured_media":0,"parent":31,"menu_order":6,"comment_status":"closed","ping_status":"closed","template":"","meta":{"footnotes":""},"class_list":["post-78","page","type-page","status-publish","hentry"],"_links":{"self":[{"href":"https:\/\/ktb.ro\/index.php?rest_route=\/wp\/v2\/pages\/78","targetHints":{"allow":["GET"]}}],"collection":[{"href":"https:\/\/ktb.ro\/index.php?rest_route=\/wp\/v2\/pages"}],"about":[{"href":"https:\/\/ktb.ro\/index.php?rest_route=\/wp\/v2\/types\/page"}],"author":[{"embeddable":true,"href":"https:\/\/ktb.ro\/index.php?rest_route=\/wp\/v2\/users\/1"}],"replies":[{"embeddable":true,"href":"https:\/\/ktb.ro\/index.php?rest_route=%2Fwp%2Fv2%2Fcomments&post=78"}],"version-history":[{"count":3,"href":"https:\/\/ktb.ro\/index.php?rest_route=\/wp\/v2\/pages\/78\/revisions"}],"predecessor-version":[{"id":97,"href":"https:\/\/ktb.ro\/index.php?rest_route=\/wp\/v2\/pages\/78\/revisions\/97"}],"up":[{"embeddable":true,"href":"https:\/\/ktb.ro\/index.php?rest_route=\/wp\/v2\/pages\/31"}],"wp:attachment":[{"href":"https:\/\/ktb.ro\/index.php?rest_route=%2Fwp%2Fv2%2Fmedia&parent=78"}],"curies":[{"name":"wp","href":"https:\/\/api.w.org\/{rel}","templated":true}]}}