{"id":20,"date":"2013-02-06T09:11:52","date_gmt":"2013-02-06T07:11:52","guid":{"rendered":"http:\/\/ktb.ro\/?page_id=20"},"modified":"2022-01-24T17:56:53","modified_gmt":"2022-01-24T15:56:53","slug":"leadership","status":"publish","type":"page","link":"https:\/\/ktb.ro\/?page_id=20","title":{"rendered":"Leadership"},"content":{"rendered":"<p><strong>Adrian Munteanu<\/strong> este profesor universitar doctor \u00een cadrul Facult\u0103\u021bii de Economie \u0219i Administrarea Afacerilor \u2013 Univ. Alexandru Ioan Cuza din Ia\u0219i, unde pred\u0103 cursuri despre securitatea informa\u021biilor, auditul sistemelor informa\u021bionale, guvernare \u0219i managementul serviciilor IT. A fost co-pre\u0219edintele filialei din Rom\u00e2nia a IAPP (International Association of Privacy Professionals), membership director al ISACA Romania Chapter \u0219i instructor pentru cursurile CISA ( Certified Information Systems Auditor) \u0219i CIPM (Certified Information Privacy Manager).<\/p>\n<p>Adrian este auditor de securitate cibernetic\u0103 atestat DNSC, expert ENISA (European Union Agency for Network and Information Security) \u00een domeniul managementului riscurilor \u0219i de\u021bine certific\u0103ri relevante cum ar fi CISA, CRISC, CDPSE, CIPM, COBIT Foundation, ITIL Foundation. Are o experien\u021b\u0103 de peste 15 ani \u00een misiuni de audit, consultan\u021b\u0103 \u0219i instruire IT&amp;C \u00een industrii diferite.<\/p>\n<p><strong>Valeric\u0103 Greavu-\u015eerban<\/strong>, Ph.D, MVP, MCP, MOS, TS630,\u00a0este <span style=\"color: #39a9ff;\">Microsoft Valuable Professional<\/span>, <span style=\"color: #39a9ff;\">Microsoft Certified Professional<\/span>, <span style=\"color: #39a9ff;\">Microsoft Certified Trainer<\/span>, <span style=\"color: #39a9ff;\">Microsoft Office Specialist<\/span>, absolvent al Universit\u0103\u0163ii AL. I. Cuza din Ia\u015fi, Facultatea de Economie \u015fi Administrarea Afacerilor.<br \/>\n\u00cen 2005, la Yokohama a fost semifinalist \u015fi a ob\u0163inut <span style=\"color: #39a9ff;\">locul IV<\/span> \u00een lume la concursul <span style=\"color: #39a9ff;\">Imagine Cup, sec\u0163iunea IT General<\/span>. \u00cen 2006, la Delphi a ob\u0163inut <span style=\"color: #39a9ff;\">locul II<\/span> \u00een cadrul aceluia\u015fi concurs. \u00cen 2007 &#8211; Corea, si 2008 &#8211; Franta a fost <span style=\"color: #39a9ff;\">arbitru Imagine Cup<\/span> al\u0103turi de Rand Morimoto \u015fi Chris Amaris (Convergent Computing Ltd., www.cco.com). Astfel \u015fi-a validat competen\u0163ele \u00een domeniul tehnologiilor Microsoft.<br \/>\nDatorit\u0103 contribu\u021biilor sale \u00een domeniul tehnologiei SharePoint Portal Valy a fost numit <a href=\"https:\/\/mvp.support.microsoft.com\/profile\/Valy.Greavu\" target=\"_blank\" rel=\"noopener\">MVP SharePoint Server<\/a> \u00een 2009.<br \/>\nDin anul 2006 conduce echipa de exper\u0163i tehnici <span style=\"color: #39a9ff;\">KTB InfoNet<\/span>.<\/p>\n","protected":false},"excerpt":{"rendered":"<p>Adrian Munteanu este profesor universitar doctor \u00een cadrul Facult\u0103\u021bii de Economie \u0219i Administrarea Afacerilor \u2013 Univ. Alexandru Ioan Cuza din Ia\u0219i, unde pred\u0103 cursuri despre securitatea informa\u021biilor, auditul sistemelor informa\u021bionale, guvernare \u0219i managementul serviciilor IT. A fost co-pre\u0219edintele filialei din Rom\u00e2nia a IAPP (International Association of Privacy Professionals), membership director al ISACA Romania Chapter \u0219i [&hellip;]<\/p>\n","protected":false},"author":1,"featured_media":0,"parent":0,"menu_order":7,"comment_status":"closed","ping_status":"closed","template":"","meta":{"footnotes":""},"class_list":["post-20","page","type-page","status-publish","hentry"],"_links":{"self":[{"href":"https:\/\/ktb.ro\/index.php?rest_route=\/wp\/v2\/pages\/20","targetHints":{"allow":["GET"]}}],"collection":[{"href":"https:\/\/ktb.ro\/index.php?rest_route=\/wp\/v2\/pages"}],"about":[{"href":"https:\/\/ktb.ro\/index.php?rest_route=\/wp\/v2\/types\/page"}],"author":[{"embeddable":true,"href":"https:\/\/ktb.ro\/index.php?rest_route=\/wp\/v2\/users\/1"}],"replies":[{"embeddable":true,"href":"https:\/\/ktb.ro\/index.php?rest_route=%2Fwp%2Fv2%2Fcomments&post=20"}],"version-history":[{"count":8,"href":"https:\/\/ktb.ro\/index.php?rest_route=\/wp\/v2\/pages\/20\/revisions"}],"predecessor-version":[{"id":129,"href":"https:\/\/ktb.ro\/index.php?rest_route=\/wp\/v2\/pages\/20\/revisions\/129"}],"wp:attachment":[{"href":"https:\/\/ktb.ro\/index.php?rest_route=%2Fwp%2Fv2%2Fmedia&parent=20"}],"curies":[{"name":"wp","href":"https:\/\/api.w.org\/{rel}","templated":true}]}}